{"id":4203,"date":"2018-11-27T12:29:46","date_gmt":"2018-11-27T12:29:46","guid":{"rendered":"http:\/\/www.henrique.vieiraribeiro.net\/about\/"},"modified":"2025-06-02T16:12:59","modified_gmt":"2025-06-02T16:12:59","slug":"about","status":"publish","type":"page","link":"https:\/\/www.henrique.vieiraribeiro.net\/pt-pt\/about\/","title":{"rendered":"sobre"},"content":{"rendered":"\t\t<div data-elementor-type=\"wp-post\" data-elementor-id=\"4203\" class=\"elementor elementor-4203 elementor-4168\" data-elementor-post-type=\"page\">\n\t\t\t\t\t\t<section class=\"elementor-section elementor-top-section elementor-element elementor-element-161af972 elementor-section-boxed elementor-section-height-default elementor-section-height-default\" data-id=\"161af972\" data-element_type=\"section\" data-e-type=\"section\">\n\t\t\t\t\t\t<div class=\"elementor-container elementor-column-gap-default\">\n\t\t\t\t\t<div class=\"elementor-column elementor-col-100 elementor-top-column elementor-element elementor-element-a0f63\" data-id=\"a0f63\" data-element_type=\"column\" data-e-type=\"column\">\n\t\t\t<div class=\"elementor-widget-wrap elementor-element-populated\">\n\t\t\t\t\t\t<div class=\"elementor-element elementor-element-6fcb2c10 elementor-widget elementor-widget-spacer\" data-id=\"6fcb2c10\" data-element_type=\"widget\" data-e-type=\"widget\" data-widget_type=\"spacer.default\">\n\t\t\t\t<div class=\"elementor-widget-container\">\n\t\t\t\t\t\t\t<div class=\"elementor-spacer\">\n\t\t\t<div class=\"elementor-spacer-inner\"><\/div>\n\t\t<\/div>\n\t\t\t\t\t\t<\/div>\n\t\t\t\t<\/div>\n\t\t\t\t\t<\/div>\n\t\t<\/div>\n\t\t\t\t\t<\/div>\n\t\t<\/section>\n\t\t\t\t<section class=\"elementor-section elementor-top-section elementor-element elementor-element-59cc3e22 elementor-section-boxed elementor-section-height-default elementor-section-height-default\" data-id=\"59cc3e22\" data-element_type=\"section\" data-e-type=\"section\">\n\t\t\t\t\t\t<div class=\"elementor-container elementor-column-gap-default\">\n\t\t\t\t\t<div class=\"elementor-column elementor-col-33 elementor-top-column elementor-element elementor-element-1d8f6d8b\" data-id=\"1d8f6d8b\" data-element_type=\"column\" data-e-type=\"column\">\n\t\t\t<div class=\"elementor-widget-wrap\">\n\t\t\t\t\t\t\t<\/div>\n\t\t<\/div>\n\t\t\t\t<div class=\"elementor-column elementor-col-33 elementor-top-column elementor-element elementor-element-9211dcd\" data-id=\"9211dcd\" data-element_type=\"column\" data-e-type=\"column\">\n\t\t\t<div class=\"elementor-widget-wrap elementor-element-populated\">\n\t\t\t\t\t\t<div class=\"elementor-element elementor-element-3bbc9ccc elementor-widget elementor-widget-text-editor\" data-id=\"3bbc9ccc\" data-element_type=\"widget\" data-e-type=\"widget\" data-widget_type=\"text-editor.default\">\n\t\t\t\t<div class=\"elementor-widget-container\">\n\t\t\t\t\t\t\t\t\t<p>Henrique Vieira Ribeiro (Lisboa, 1970), mestre em Arte Multim\u00e9dia, vertente de Audiovisuais,\u00a0pela Faculdade de Belas Artes da Universidade de Lisboa, e licenciado em Arte Multim\u00e9dia, vertente de Fotografia, pela mesma institui\u00e7\u00e3o.<\/p><p>Docente convidado na\u00a0Escola Superior de Arte e Design &#8211; Caldas da Rainha (2015\/2016 e 2016\/2017) nas cadeiras de fotografia, projeto audiovisual e multim\u00e9dia e desenho digital.<\/p><p>Participa em 2017 na resid\u00eancia art\u00edstica <em>ResArt<\/em> <em>Marv\u00e3o<\/em>.<\/p><p>A partir de 2018 desenvolve um programa de Multim\u00e9dia e Audiovisuais dirigido a alunos do 2\u00ba e 3\u00ba ciclo, inserido num plano promovido pela Junta de Freguesia de Bel\u00e9m.<\/p><p>Na pr\u00e1tica autoral, as suas inquieta\u00e7\u00f5es t\u00eam como origem aspetos relacionados com a condi\u00e7\u00e3o humana, nomeadamente a reflex\u00e3o acerca da necessidade\/desejo de transcend\u00eancia do ser humano; neste aspeto, o objeto enquanto portador de vida, enquanto testemunho mnem\u00f3nico, desempenha um papel preponderante. Utiliza a fotografia e o v\u00eddeo como <em>media<\/em> nucleares, que em conjunto com o desenho formam os seus suportes de elei\u00e7\u00e3o, tendo contudo o resultado final das suas obras vindo a adquirir um cariz de instala\u00e7\u00e3o.<\/p><p>Representado em v\u00e1rias cole\u00e7\u00f5es particulares em Portugal, Fran\u00e7a e Inglaterra, assim como em institui\u00e7\u00f5es como o Museu do Combatente, Galeria Artur Bual,\u00a0 Associa\u00e7\u00e3o 25 de Abril, Biblioteca FCT-Nova, Funda\u00e7\u00e3o Portuguesa das Comunica\u00e7\u00f5es, Cole\u00e7\u00e3o Figueiredo Ribeiro &#8211; Quartel da Arte Contempor\u00e2nea de Abrantes e MNAC \u2013 Museu Nacional de Arte Contempor\u00e2nea (Museu do Chiado)<\/p><div class=\"elementor-element elementor-element-5fb699d1 elementor-widget elementor-widget-spacer\" data-id=\"5fb699d1\" data-element_type=\"spacer.default\"><div class=\"elementor-widget-container\"><div class=\"elementor-spacer\">\u00a0<\/div><\/div><\/div>\t\t\t\t\t\t\t\t<\/div>\n\t\t\t\t<\/div>\n\t\t\t\t<div class=\"elementor-element elementor-element-184f4f02 elementor-widget elementor-widget-spacer\" data-id=\"184f4f02\" data-element_type=\"widget\" data-e-type=\"widget\" data-widget_type=\"spacer.default\">\n\t\t\t\t<div class=\"elementor-widget-container\">\n\t\t\t\t\t\t\t<div class=\"elementor-spacer\">\n\t\t\t<div class=\"elementor-spacer-inner\"><\/div>\n\t\t<\/div>\n\t\t\t\t\t\t<\/div>\n\t\t\t\t<\/div>\n\t\t\t\t<div class=\"elementor-element elementor-element-4714f9f7 elementor-widget elementor-widget-text-editor\" data-id=\"4714f9f7\" data-element_type=\"widget\" data-e-type=\"widget\" data-widget_type=\"text-editor.default\">\n\t\t\t\t<div class=\"elementor-widget-container\">\n\t\t\t\t\t\t\t\t\t<p><span style=\"color: #333333; font-family: Lato; font-size: 16px; font-weight: bold;\">exposi\u00e7\u00f5es individuais<\/span><\/p><h6>2024<\/h6><ul><li><em>Paradeisos<\/em>, Museu da Luz, Aldeia da Luz-Mour\u00e3o, curadoria de Sofia Mar\u00e7al<\/li><\/ul><h6>2023<\/h6><ul><li><em>\u00a0A Casa<\/em>, MU.SA &#8211; Museu das Artes de Sintra, curadoria de Victor dos Reis<\/li><li><em>Paradeisos<\/em>, Museu Nacional de Hist\u00f3ria Natural e da Ci\u00eancia \u2013 MUNHAC, Lisbon, curadoria de Sofia Mar\u00e7al<\/li><\/ul><h6>2022<\/h6><p style=\"padding-left: 30px;\"><em>da \u00e1rvore<\/em>, Espa\u00e7o Cultural Merc\u00eas, Lisbon, text by Victor dos Reis<\/p><ul><li><em>O erro de Prometheus<\/em>, Audit\u00f3rio Municipal Augusto Cabrita, Barreiro, texto de Ricardo Escardu\u00e7a<\/li><\/ul><h6><strong>2022<\/strong><\/h6><ul><li><em>da \u00e1rvore<\/em>, Espa\u00e7o Cultural Merc\u00eas, Lisboa, texto de Victor dos Reis<\/li><\/ul><h6><strong>2019<\/strong><\/h6><ul><li><em>O Arquivista[projeto CT1LN parte II]<\/em>, MNAC-Museu Nacional de Arte Contempor\u00e2nea do Chiado, Lisboa, curadoria de Adelaide Ginga<\/li><li><em>As Viagens de Paulo V.[projeto CT1LN parte I],\u00a0<\/em>Funda\u00e7\u00e3o Portuguesa das Comunica\u00e7\u00f5es, Lisbon, curadoria de Adelaide Ginga<\/li><\/ul><h6><strong>2018<\/strong><\/h6><ul><li><em>Horizontes Brancos<\/em>, Ocupart \/ Espac\u0327o Camo\u0303es da Livraria Sa\u0301 da Costa, Lisboa, texto de Ant\u00f3nio Guerreiro<\/li><li><em>Apokatastasis<\/em>, CAT &#8211; Casa das Artes de Tavira &#8211; Tavira<\/li><li><em>&#8230;no princ\u00edpio<\/em>,\u00a0Quartel da Arte Contempor\u00e2nea de Abrantes &#8211; Cole\u00e7\u00e3o Figueiredo Ribeiro, curadoria de Adelaide Ginga<\/li><\/ul><h6>2017<\/h6><ul><li><em>Prontu\u00e1rio dos Afectos<\/em>,\u00a0Biblioteca da FCT\/UNL, Caparica, curadoria de Andreia C\u00e9sar<\/li><li><em>CT1LN parte I &#8211; As viagens de Paulo V.<\/em>, Mute Art Gallery, Lisboa, texto de Jo\u00e3o Paulo Queiroz<\/li><\/ul><h6>2016<\/h6><ul><li><em>Tremor<\/em>, BangBang Art Gallery, Lisboa, curadoria de Andreia C\u00e9sar<\/li><li><em>\u00cdKaros<\/em>, Associa\u00e7\u00e3o 25 de Abril, Lisboa<\/li><\/ul><h6>2015<\/h6><ul><li><em>O voo e queda de \u00cdcaro<\/em>, Mute Art Gallery, Lisboa<\/li><li><em>Apokatastasis<\/em>, Arquivo Municipal de Lisboa, n\u00facleo Fotogr\u00e1fico, Lisboa<\/li><li><em>SAL<\/em>, Museu Municipal de Faro, curadoria de Andreia C\u00e9sar<\/li><\/ul><h6>2014<\/h6><ul><li><em>Rumor<\/em>, ETC, Espacio Transfronterizo, Badajoz, Espanha<\/li><\/ul><h6>2013<\/h6><ul><li><em>D\u00b4Epoca<\/em>, Museu do Combatente &#8211; Forte do Bom Sucesso, Lisboa, c\/Ana Vieira Ribeiro<\/li><\/ul><h6>2012<\/h6><ul><li><em>D\u00b4Epoca<\/em>, Galeria Saudade, Sintra, c\/ Ana Vieira Ribeiro<\/li><li><em>Pictorial Instincts<\/em>, Museu Municipal de Faro<\/li><li><em>Pictorial Instincts<\/em>, Galeria Almedina Saldanha, Lisboa<\/li><li><em>Cumplicidade Pict\u00f3rica<\/em>, Galeria Artur Bual, Amadora, c\/ Ana Vieira Ribeiro<\/li><\/ul>\t\t\t\t\t\t\t\t<\/div>\n\t\t\t\t<\/div>\n\t\t\t\t<div class=\"elementor-element elementor-element-6fc45662 elementor-widget elementor-widget-spacer\" data-id=\"6fc45662\" data-element_type=\"widget\" data-e-type=\"widget\" data-widget_type=\"spacer.default\">\n\t\t\t\t<div class=\"elementor-widget-container\">\n\t\t\t\t\t\t\t<div class=\"elementor-spacer\">\n\t\t\t<div class=\"elementor-spacer-inner\"><\/div>\n\t\t<\/div>\n\t\t\t\t\t\t<\/div>\n\t\t\t\t<\/div>\n\t\t\t\t\t<\/div>\n\t\t<\/div>\n\t\t\t\t<div class=\"elementor-column elementor-col-33 elementor-top-column elementor-element elementor-element-54469826\" data-id=\"54469826\" data-element_type=\"column\" data-e-type=\"column\">\n\t\t\t<div class=\"elementor-widget-wrap elementor-element-populated\">\n\t\t\t\t\t\t<div class=\"elementor-element elementor-element-11b48b55 elementor-widget elementor-widget-spacer\" data-id=\"11b48b55\" data-element_type=\"widget\" data-e-type=\"widget\" data-widget_type=\"spacer.default\">\n\t\t\t\t<div class=\"elementor-widget-container\">\n\t\t\t\t\t\t\t<div class=\"elementor-spacer\">\n\t\t\t<div class=\"elementor-spacer-inner\"><\/div>\n\t\t<\/div>\n\t\t\t\t\t\t<\/div>\n\t\t\t\t<\/div>\n\t\t\t\t\t<\/div>\n\t\t<\/div>\n\t\t\t\t\t<\/div>\n\t\t<\/section>\n\t\t\t\t<section class=\"elementor-section elementor-top-section elementor-element elementor-element-fc3604b elementor-section-boxed elementor-section-height-default elementor-section-height-default\" data-id=\"fc3604b\" data-element_type=\"section\" data-e-type=\"section\">\n\t\t\t\t\t\t<div class=\"elementor-container elementor-column-gap-default\">\n\t\t\t\t\t<div class=\"elementor-column elementor-col-33 elementor-top-column elementor-element elementor-element-6724e83\" data-id=\"6724e83\" data-element_type=\"column\" data-e-type=\"column\">\n\t\t\t<div class=\"elementor-widget-wrap\">\n\t\t\t\t\t\t\t<\/div>\n\t\t<\/div>\n\t\t\t\t<div class=\"elementor-column elementor-col-33 elementor-top-column elementor-element elementor-element-436e2fd8\" data-id=\"436e2fd8\" data-element_type=\"column\" data-e-type=\"column\">\n\t\t\t<div class=\"elementor-widget-wrap elementor-element-populated\">\n\t\t\t\t\t\t<div class=\"elementor-element elementor-element-35823d6c elementor-widget elementor-widget-text-editor\" data-id=\"35823d6c\" data-element_type=\"widget\" data-e-type=\"widget\" data-widget_type=\"text-editor.default\">\n\t\t\t\t<div class=\"elementor-widget-container\">\n\t\t\t\t\t\t\t\t\t<p><span style=\"color: #333333; font-family: Lato; font-size: 16px; font-weight: bold;\">exposi\u00e7\u00f5es coletivas [sele\u00e7\u00e3o]<\/span><\/p><h6>2020<\/h6><ul><li><i>Mostra 2020<\/i>, Lisboa<\/li><\/ul><h6>2019<\/h6><ul><li><em>Espa\u00e7o Interior, Exposi\u00e7\u00e3o integrada na Trienal de Arquitetura de Lisboa<\/em>, MNAC-Museu Nacional de Arte Contempor\u00e2nea do Chiado, Lisboa, curadoria de Mariabruna Fabrizi e Fosco Lucarelli<\/li><\/ul><h6>2018<\/h6><ul><li><em>Ensaios sobre a (In)flexibilidade do Natural &#8211; Parte I<\/em>, Minist\u00e9rio do Ambiente, Lisboa, curadoria de Andreia C\u00e9sar<\/li><\/ul><h6>2017<\/h6><ul><li><em>Panorama<\/em>, Hotel Le Consulat, Lisboa, curadoria de Adelaide Ginga<\/li><\/ul><h6>2016<\/h6><ul><li><em>30 Anos CAT<\/em>, Casa das Artes de Tavira, Tavira, curadoria de Il\u00eddio Salteiro<\/li><li><em>ReTornar Terra<\/em>, Galeria BangBang, Lisboa, curadoria de Andreia C\u00e9sar\u00a0<\/li><\/ul><h6>2015<\/h6><ul><li><em>A Lovers place<\/em>, ILGA, Lisbon, curadoria de Rodrigo Ezequiel<\/li><li><em>A Casa: 50.12<\/em>, Funda\u00e7\u00e3o Calouste Gulbenkian, Lisboa, Congresso da Cidadania, promovido pela Associa\u00e7\u00e3o 25 de Abril<\/li><li><em>Tulipa<\/em>, raum: online art residences, curadoria de Rog\u00e9rio Taveira<\/li><\/ul><h6>2014<\/h6><ul><li><em>Zero Figura &#8211; tributo a Jos\u00e9 P\u00e1dua<\/em>, Galeria Artur Bual, Amadora<\/li><li><em>Occupare<\/em>, FBAUL, Lisboa<\/li><li><em>Damage is done<\/em>, VA\u00c2G Art-Gallery, Lisboa<\/li><\/ul><h6>2013<\/h6><ul><li><em>Desenhos da &#8220;Academia de Figura Humana&#8221;<\/em>, Galeria FBAUL, Lisboa<\/li><li><em>Coletiva de Ver\u00e3o<\/em>, LM gallery, Sintra<\/li><\/ul><h6>2011<\/h6><ul><li><em>Oeiras em Fotografia<\/em>, Funda\u00e7\u00e3o Marqu\u00eas de Pombal, Oeiras<\/li><\/ul>\t\t\t\t\t\t\t\t<\/div>\n\t\t\t\t<\/div>\n\t\t\t\t<div class=\"elementor-element elementor-element-58b6d37 elementor-widget elementor-widget-spacer\" data-id=\"58b6d37\" data-element_type=\"widget\" data-e-type=\"widget\" data-widget_type=\"spacer.default\">\n\t\t\t\t<div class=\"elementor-widget-container\">\n\t\t\t\t\t\t\t<div class=\"elementor-spacer\">\n\t\t\t<div class=\"elementor-spacer-inner\"><\/div>\n\t\t<\/div>\n\t\t\t\t\t\t<\/div>\n\t\t\t\t<\/div>\n\t\t\t\t\t<\/div>\n\t\t<\/div>\n\t\t\t\t<div class=\"elementor-column elementor-col-33 elementor-top-column elementor-element elementor-element-3022062\" data-id=\"3022062\" data-element_type=\"column\" data-e-type=\"column\">\n\t\t\t<div class=\"elementor-widget-wrap\">\n\t\t\t\t\t\t\t<\/div>\n\t\t<\/div>\n\t\t\t\t\t<\/div>\n\t\t<\/section>\n\t\t\t\t<\/div>\n\t\t","protected":false},"excerpt":{"rendered":"<p>Henrique Vieira Ribeiro (Lisboa, 1970), mestre em Arte Multim\u00e9dia, vertente de Audiovisuais,\u00a0pela Faculdade de Belas Artes da Universidade de Lisboa, e licenciado em Arte Multim\u00e9dia, vertente de Fotografia, pela mesma institui\u00e7\u00e3o. Docente convidado na\u00a0Escola Superior de Arte e Design &#8211; Caldas da Rainha (2015\/2016 e 2016\/2017) nas cadeiras de fotografia, projeto audiovisual e multim\u00e9dia e [&hellip;]<\/p>\n","protected":false},"author":2,"featured_media":0,"parent":0,"menu_order":0,"comment_status":"closed","ping_status":"closed","template":"","meta":{"_acf_changed":false,"footnotes":""},"class_list":["post-4203","page","type-page","status-publish","hentry"],"acf":[],"_links":{"self":[{"href":"https:\/\/www.henrique.vieiraribeiro.net\/pt-pt\/wp-json\/wp\/v2\/pages\/4203","targetHints":{"allow":["GET"]}}],"collection":[{"href":"https:\/\/www.henrique.vieiraribeiro.net\/pt-pt\/wp-json\/wp\/v2\/pages"}],"about":[{"href":"https:\/\/www.henrique.vieiraribeiro.net\/pt-pt\/wp-json\/wp\/v2\/types\/page"}],"author":[{"embeddable":true,"href":"https:\/\/www.henrique.vieiraribeiro.net\/pt-pt\/wp-json\/wp\/v2\/users\/2"}],"replies":[{"embeddable":true,"href":"https:\/\/www.henrique.vieiraribeiro.net\/pt-pt\/wp-json\/wp\/v2\/comments?post=4203"}],"version-history":[{"count":37,"href":"https:\/\/www.henrique.vieiraribeiro.net\/pt-pt\/wp-json\/wp\/v2\/pages\/4203\/revisions"}],"predecessor-version":[{"id":6053,"href":"https:\/\/www.henrique.vieiraribeiro.net\/pt-pt\/wp-json\/wp\/v2\/pages\/4203\/revisions\/6053"}],"wp:attachment":[{"href":"https:\/\/www.henrique.vieiraribeiro.net\/pt-pt\/wp-json\/wp\/v2\/media?parent=4203"}],"curies":[{"name":"wp","href":"https:\/\/api.w.org\/{rel}","templated":true}]}}